{"id":230,"date":"2017-08-16T10:53:18","date_gmt":"2017-08-16T10:53:18","guid":{"rendered":"https:\/\/surotecviewer.ddns.net\/index.php\/our-staff\/"},"modified":"2023-06-24T16:13:43","modified_gmt":"2023-06-24T16:13:43","slug":"sobre-nosotros","status":"publish","type":"page","link":"https:\/\/mecanicoadomiciliomedellin.com\/index.php\/sobre-nosotros\/","title":{"rendered":"Sobre Nosotros"},"content":{"rendered":"\t\t<div data-elementor-type=\"wp-post\" data-elementor-id=\"230\" class=\"elementor elementor-230\">\n\t\t\t\t\t\t<section class=\"elementor-section elementor-top-section elementor-element elementor-element-b82418e elementor-section-boxed elementor-section-height-default elementor-section-height-default\" data-id=\"b82418e\" data-element_type=\"section\" data-settings=\"{&quot;background_background&quot;:&quot;classic&quot;}\">\n\t\t\t\t\t\t\t<div class=\"elementor-background-overlay\"><\/div>\n\t\t\t\t\t\t\t<div class=\"elementor-container elementor-column-gap-no\">\n\t\t\t\t\t<div class=\"elementor-column elementor-col-100 elementor-top-column elementor-element elementor-element-6b9f74e\" data-id=\"6b9f74e\" data-element_type=\"column\" data-settings=\"{&quot;background_background&quot;:&quot;classic&quot;}\">\n\t\t\t<div class=\"elementor-widget-wrap elementor-element-populated\">\n\t\t\t\t\t<div class=\"elementor-background-overlay\"><\/div>\n\t\t\t\t\t\t<div class=\"elementor-element elementor-element-4d7f385 elementor-widget elementor-widget-heading\" data-id=\"4d7f385\" data-element_type=\"widget\" data-widget_type=\"heading.default\">\n\t\t\t\t<div class=\"elementor-widget-container\">\n\t\t\t<h6 class=\"elementor-heading-title elementor-size-default\">\u00bfQUIENES SOMOS?<\/h6>\t\t<\/div>\n\t\t\t\t<\/div>\n\t\t\t\t<div class=\"elementor-element elementor-element-01f8f12 elementor-widget elementor-widget-heading\" data-id=\"01f8f12\" data-element_type=\"widget\" data-widget_type=\"heading.default\">\n\t\t\t\t<div class=\"elementor-widget-container\">\n\t\t\t<h1 class=\"elementor-heading-title elementor-size-default\">EQUIPO DE TRABAJO<\/h1>\t\t<\/div>\n\t\t\t\t<\/div>\n\t\t\t\t<div class=\"elementor-element elementor-element-a2313bd elementor-widget elementor-widget-text-editor\" data-id=\"a2313bd\" data-element_type=\"widget\" data-widget_type=\"text-editor.default\">\n\t\t\t\t<div class=\"elementor-widget-container\">\n\t\t\t\t\t\t\t<p>Deseamos suministrarle el mejor servicio<\/p>\t\t\t\t\t\t<\/div>\n\t\t\t\t<\/div>\n\t\t\t\t<div class=\"elementor-element elementor-element-f72d44a elementor-mobile-align-center elementor-align-center elementor-widget elementor-widget-button\" data-id=\"f72d44a\" data-element_type=\"widget\" data-widget_type=\"button.default\">\n\t\t\t\t<div class=\"elementor-widget-container\">\n\t\t\t\t\t<div class=\"elementor-button-wrapper\">\n\t\t\t<a class=\"elementor-button elementor-button-link elementor-size-md\" href=\"#sec003\">\n\t\t\t\t\t\t<span class=\"elementor-button-content-wrapper\">\n\t\t\t\t\t\t<span class=\"elementor-button-icon\">\n\t\t\t\t<i aria-hidden=\"true\" class=\"far fa-arrow-alt-circle-down\"><\/i>\t\t\t<\/span>\n\t\t\t\t\t\t\t\t<\/span>\n\t\t\t\t\t<\/a>\n\t\t<\/div>\n\t\t\t\t<\/div>\n\t\t\t\t<\/div>\n\t\t\t\t\t<\/div>\n\t\t<\/div>\n\t\t\t\t\t<\/div>\n\t\t<\/section>\n\t\t\t\t<section class=\"elementor-section elementor-top-section elementor-element elementor-element-b216650 elementor-section-boxed elementor-section-height-default elementor-section-height-default\" data-id=\"b216650\" data-element_type=\"section\">\n\t\t\t\t\t\t<div class=\"elementor-container elementor-column-gap-no\">\n\t\t\t\t\t<div class=\"elementor-column elementor-col-100 elementor-top-column elementor-element elementor-element-df7d2c2\" data-id=\"df7d2c2\" data-element_type=\"column\">\n\t\t\t<div class=\"elementor-widget-wrap elementor-element-populated\">\n\t\t\t\t\t\t<section class=\"elementor-section elementor-inner-section elementor-element elementor-element-7bd0f62 elementor-section-boxed elementor-section-height-default elementor-section-height-default\" data-id=\"7bd0f62\" data-element_type=\"section\" id=\"sec003\">\n\t\t\t\t\t\t<div class=\"elementor-container elementor-column-gap-no\">\n\t\t\t\t\t<div class=\"elementor-column elementor-col-100 elementor-inner-column elementor-element elementor-element-ec60209\" data-id=\"ec60209\" data-element_type=\"column\">\n\t\t\t<div class=\"elementor-widget-wrap elementor-element-populated\">\n\t\t\t\t\t\t<div class=\"elementor-element elementor-element-68c82ff elementor-widget elementor-widget-heading\" data-id=\"68c82ff\" data-element_type=\"widget\" data-widget_type=\"heading.default\">\n\t\t\t\t<div class=\"elementor-widget-container\">\n\t\t\t<h2 class=\"elementor-heading-title elementor-size-default\">AUTO DOM<\/h2>\t\t<\/div>\n\t\t\t\t<\/div>\n\t\t\t\t<div class=\"elementor-element elementor-element-477c7da elementor-widget elementor-widget-text-editor\" data-id=\"477c7da\" data-element_type=\"widget\" data-widget_type=\"text-editor.default\">\n\t\t\t\t<div class=\"elementor-widget-container\">\n\t\t\t\t\t\t\t<p><span class=\"TextRun SCXW50763278 BCX0\" lang=\"ES-ES\" xml:lang=\"ES-ES\" data-contrast=\"auto\"><span class=\"NormalTextRun SCXW50763278 BCX0\">Auto&nbsp;<\/span><\/span><span class=\"TextRun SCXW50763278 BCX0\" lang=\"ES-ES\" xml:lang=\"ES-ES\" data-contrast=\"auto\"><span class=\"NormalTextRun SpellingErrorV2 SCXW50763278 BCX0\">Dom<\/span><\/span><span class=\"TextRun SCXW50763278 BCX0\" lang=\"ES-ES\" xml:lang=\"ES-ES\" data-contrast=\"auto\"><span class=\"NormalTextRun SCXW50763278 BCX0\">&nbsp;nace de la iniciativa del&nbsp;<\/span><\/span><span class=\"TextRun SCXW50763278 BCX0\" lang=\"ES-ES\" xml:lang=\"ES-ES\" data-contrast=\"auto\"><span class=\"NormalTextRun SCXW50763278 BCX0\">mec\u00e1nico<\/span><\/span><span class=\"TextRun SCXW50763278 BCX0\" lang=\"ES-ES\" xml:lang=\"ES-ES\" data-contrast=\"auto\"><span class=\"NormalTextRun SCXW50763278 BCX0\">&nbsp;automotriz&nbsp;Jurgen S\u00e1nchez Mej\u00eda, nuestro objetivo es brindarle una excelente&nbsp;<\/span><\/span><span class=\"TextRun SCXW50763278 BCX0\" lang=\"ES-ES\" xml:lang=\"ES-ES\" data-contrast=\"auto\"><span class=\"NormalTextRun SCXW50763278 BCX0\">atenci\u00f3n<\/span><\/span><span class=\"TextRun SCXW50763278 BCX0\" lang=\"ES-ES\" xml:lang=\"ES-ES\" data-contrast=\"auto\"><span class=\"NormalTextRun SCXW50763278 BCX0\">, y calidad de los servicios y suministros automotrices suministrados.<\/span><\/span><span class=\"EOP SCXW50763278 BCX0\" data-ccp-props=\"{&quot;201341983&quot;:0,&quot;335559739&quot;:160,&quot;335559740&quot;:259}\">&nbsp;<\/span><\/p>\t\t\t\t\t\t<\/div>\n\t\t\t\t<\/div>\n\t\t\t\t\t<\/div>\n\t\t<\/div>\n\t\t\t\t\t<\/div>\n\t\t<\/section>\n\t\t\t\t<section class=\"elementor-section elementor-inner-section elementor-element elementor-element-777c679 elementor-section-boxed elementor-section-height-default elementor-section-height-default\" data-id=\"777c679\" data-element_type=\"section\">\n\t\t\t\t\t\t<div class=\"elementor-container elementor-column-gap-no\">\n\t\t\t\t\t<div class=\"elementor-column elementor-col-50 elementor-inner-column elementor-element elementor-element-c0c7d9e\" data-id=\"c0c7d9e\" data-element_type=\"column\">\n\t\t\t<div class=\"elementor-widget-wrap elementor-element-populated\">\n\t\t\t\t\t\t<div class=\"elementor-element elementor-element-3b627d1 elementor-widget elementor-widget-image\" data-id=\"3b627d1\" data-element_type=\"widget\" data-widget_type=\"image.default\">\n\t\t\t\t<div class=\"elementor-widget-container\">\n\t\t\t\t\t\t\t\t\t\t\t\t\t<img fetchpriority=\"high\" decoding=\"async\" width=\"770\" height=\"400\" src=\"https:\/\/mecanicoadomiciliomedellin.com\/wp-content\/uploads\/2020\/12\/bioseguridad-taller-mecanico-770x400-1.jpg\" class=\"attachment-large size-large wp-image-1980\" alt=\"\" srcset=\"https:\/\/mecanicoadomiciliomedellin.com\/wp-content\/uploads\/2020\/12\/bioseguridad-taller-mecanico-770x400-1.jpg 770w, https:\/\/mecanicoadomiciliomedellin.com\/wp-content\/uploads\/2020\/12\/bioseguridad-taller-mecanico-770x400-1-300x156.jpg 300w, https:\/\/mecanicoadomiciliomedellin.com\/wp-content\/uploads\/2020\/12\/bioseguridad-taller-mecanico-770x400-1-768x399.jpg 768w\" sizes=\"(max-width: 770px) 100vw, 770px\" \/>\t\t\t\t\t\t\t\t\t\t\t\t\t<\/div>\n\t\t\t\t<\/div>\n\t\t\t\t\t<\/div>\n\t\t<\/div>\n\t\t\t\t<div class=\"elementor-column elementor-col-50 elementor-inner-column elementor-element elementor-element-99849cc\" data-id=\"99849cc\" data-element_type=\"column\" data-settings=\"{&quot;background_background&quot;:&quot;classic&quot;}\">\n\t\t\t<div class=\"elementor-widget-wrap elementor-element-populated\">\n\t\t\t\t\t\t<div class=\"elementor-element elementor-element-82cb1c4 elementor-widget__width-auto elementor-absolute elementor-view-default elementor-widget elementor-widget-icon\" data-id=\"82cb1c4\" data-element_type=\"widget\" data-settings=\"{&quot;_position&quot;:&quot;absolute&quot;}\" data-widget_type=\"icon.default\">\n\t\t\t\t<div class=\"elementor-widget-container\">\n\t\t\t\t\t<div class=\"elementor-icon-wrapper\">\n\t\t\t<div class=\"elementor-icon\">\n\t\t\t<i aria-hidden=\"true\" class=\"fas fa-caret-left\"><\/i>\t\t\t<\/div>\n\t\t<\/div>\n\t\t\t\t<\/div>\n\t\t\t\t<\/div>\n\t\t\t\t<div class=\"elementor-element elementor-element-a722877 elementor-vertical-align-top elementor-widget elementor-widget-image-box\" data-id=\"a722877\" data-element_type=\"widget\" data-widget_type=\"image-box.default\">\n\t\t\t\t<div class=\"elementor-widget-container\">\n\t\t\t<div class=\"elementor-image-box-wrapper\"><div class=\"elementor-image-box-content\"><h4 class=\"elementor-image-box-title\">Harold S\u00e1nchez<\/h4><p class=\"elementor-image-box-description\">T\u00e9cnico Especialista<\/p><\/div><\/div>\t\t<\/div>\n\t\t\t\t<\/div>\n\t\t\t\t<div class=\"elementor-element elementor-element-489346d elementor-widget elementor-widget-text-editor\" data-id=\"489346d\" data-element_type=\"widget\" data-widget_type=\"text-editor.default\">\n\t\t\t\t<div class=\"elementor-widget-container\">\n\t\t\t\t\t\t\t<p>A lo largo de los a\u00f1os me he desempe\u00f1ado como mec\u00e1nico automotriz, soy una persona dedicada a brindar soluciones que satisfagan las nesesidades de los clientes, y lo mas grato es ver dicha satisfacci\u00f3n en ellos cumplida.<\/p>\t\t\t\t\t\t<\/div>\n\t\t\t\t<\/div>\n\t\t\t\t\t<\/div>\n\t\t<\/div>\n\t\t\t\t\t<\/div>\n\t\t<\/section>\n\t\t\t\t\t<\/div>\n\t\t<\/div>\n\t\t\t\t\t<\/div>\n\t\t<\/section>\n\t\t\t\t<section class=\"elementor-section elementor-top-section elementor-element elementor-element-3b6f27e elementor-section-height-min-height elementor-section-boxed elementor-section-height-default elementor-section-items-middle\" data-id=\"3b6f27e\" data-element_type=\"section\" data-settings=\"{&quot;background_background&quot;:&quot;classic&quot;}\">\n\t\t\t\t\t\t<div class=\"elementor-container elementor-column-gap-default\">\n\t\t\t\t\t<div class=\"elementor-column elementor-col-50 elementor-top-column elementor-element elementor-element-215a756\" data-id=\"215a756\" data-element_type=\"column\">\n\t\t\t<div class=\"elementor-widget-wrap elementor-element-populated\">\n\t\t\t\t\t\t<div class=\"elementor-element elementor-element-4eabeea elementor-widget elementor-widget-copyright\" data-id=\"4eabeea\" data-element_type=\"widget\" data-settings=\"{&quot;align_mobile&quot;:&quot;center&quot;,&quot;align&quot;:&quot;center&quot;}\" data-widget_type=\"copyright.default\">\n\t\t\t\t<div class=\"elementor-widget-container\">\n\t\t\t\t\t<div class=\"hfe-copyright-wrapper\">\n\t\t\t\t\t\t\t<span>Copyright \u00a9  2026 AutoDom<\/span>\n\t\t\t\t\t<\/div>\n\t\t\t\t<\/div>\n\t\t\t\t<\/div>\n\t\t\t\t\t<\/div>\n\t\t<\/div>\n\t\t\t\t<div class=\"elementor-column elementor-col-50 elementor-top-column elementor-element elementor-element-d7e3577\" data-id=\"d7e3577\" data-element_type=\"column\">\n\t\t\t<div class=\"elementor-widget-wrap elementor-element-populated\">\n\t\t\t\t\t\t<div class=\"elementor-element elementor-element-6bbf07e elementor-shape-circle elementor-grid-0 e-grid-align-center elementor-widget elementor-widget-social-icons\" data-id=\"6bbf07e\" data-element_type=\"widget\" data-widget_type=\"social-icons.default\">\n\t\t\t\t<div class=\"elementor-widget-container\">\n\t\t\t\t\t<div class=\"elementor-social-icons-wrapper elementor-grid\">\n\t\t\t\t\t\t\t<span class=\"elementor-grid-item\">\n\t\t\t\t\t<a class=\"elementor-icon elementor-social-icon elementor-social-icon-facebook elementor-repeater-item-acce499\" href=\"https:\/\/www.facebook.com\/autodom.medellin\" target=\"_blank\">\n\t\t\t\t\t\t<span class=\"elementor-screen-only\">Facebook<\/span>\n\t\t\t\t\t\t<i class=\"fab fa-facebook\"><\/i>\t\t\t\t\t<\/a>\n\t\t\t\t<\/span>\n\t\t\t\t\t\t\t<span class=\"elementor-grid-item\">\n\t\t\t\t\t<a class=\"elementor-icon elementor-social-icon elementor-social-icon-instagram elementor-repeater-item-594eef1\" href=\"https:\/\/www.instagram.com\/autodommed\/\" target=\"_blank\">\n\t\t\t\t\t\t<span class=\"elementor-screen-only\">Instagram<\/span>\n\t\t\t\t\t\t<i class=\"fab fa-instagram\"><\/i>\t\t\t\t\t<\/a>\n\t\t\t\t<\/span>\n\t\t\t\t\t\t\t<span class=\"elementor-grid-item\">\n\t\t\t\t\t<a class=\"elementor-icon elementor-social-icon elementor-social-icon-linkedin elementor-repeater-item-79f7a37\" href=\"https:\/\/www.linkedin.com\/company\/autodom-medellin\/\" target=\"_blank\">\n\t\t\t\t\t\t<span class=\"elementor-screen-only\">Linkedin<\/span>\n\t\t\t\t\t\t<i class=\"fab fa-linkedin\"><\/i>\t\t\t\t\t<\/a>\n\t\t\t\t<\/span>\n\t\t\t\t\t\t\t<span class=\"elementor-grid-item\">\n\t\t\t\t\t<a class=\"elementor-icon elementor-social-icon elementor-social-icon-youtube elementor-repeater-item-f238881\" href=\"https:\/\/www.linkedin.com\/company\/autodom-medellin\/\" target=\"_blank\">\n\t\t\t\t\t\t<span class=\"elementor-screen-only\">Youtube<\/span>\n\t\t\t\t\t\t<i class=\"fab fa-youtube\"><\/i>\t\t\t\t\t<\/a>\n\t\t\t\t<\/span>\n\t\t\t\t\t<\/div>\n\t\t\t\t<\/div>\n\t\t\t\t<\/div>\n\t\t\t\t\t<\/div>\n\t\t<\/div>\n\t\t\t\t\t<\/div>\n\t\t<\/section>\n\t\t\t\t<\/div>\n\t\t","protected":false},"excerpt":{"rendered":"<p>\u00bfQUIENES SOMOS? EQUIPO DE TRABAJO Deseamos suministrarle el mejor servicio AUTO DOM Auto&nbsp;Dom&nbsp;nace de la iniciativa del&nbsp;mec\u00e1nico&nbsp;automotriz&nbsp;Jurgen S\u00e1nchez Mej\u00eda, nuestro objetivo es brindarle una excelente&nbsp;atenci\u00f3n, y calidad de los servicios y suministros automotrices suministrados.&nbsp; Harold S\u00e1nchez T\u00e9cnico Especialista A lo largo de los a\u00f1os me he desempe\u00f1ado como mec\u00e1nico automotriz, soy una persona dedicada a &hellip;<\/p>\n<p class=\"read-more\"> <a class=\"\" href=\"https:\/\/mecanicoadomiciliomedellin.com\/index.php\/sobre-nosotros\/\"> <span class=\"screen-reader-text\">Sobre Nosotros<\/span> Leer m\u00e1s &raquo;<\/a><\/p>\n","protected":false},"author":1,"featured_media":0,"parent":0,"menu_order":0,"comment_status":"closed","ping_status":"closed","template":"","meta":{"site-sidebar-layout":"no-sidebar","site-content-layout":"page-builder","ast-main-header-display":"","ast-hfb-above-header-display":"","ast-hfb-below-header-display":"","ast-hfb-mobile-header-display":"","site-post-title":"disabled","ast-breadcrumbs-content":"","ast-featured-img":"disabled","footer-sml-layout":"","theme-transparent-header-meta":"enabled","adv-header-id-meta":"","stick-header-meta":"","header-above-stick-meta":"","header-main-stick-meta":"","header-below-stick-meta":"","footnotes":""},"class_list":["post-230","page","type-page","status-publish","hentry"],"yoast_head":"<!-- This site is optimized with the Yoast SEO plugin v23.5 - https:\/\/yoast.com\/wordpress\/plugins\/seo\/ -->\n<title>Sobre Nosotros | AutoDom<\/title>\n<meta name=\"robots\" content=\"index, follow, max-snippet:-1, max-image-preview:large, max-video-preview:-1\" \/>\n<link rel=\"canonical\" href=\"https:\/\/mecanicoadomiciliomedellin.com\/index.php\/sobre-nosotros\/\" \/>\n<meta property=\"og:locale\" content=\"es_ES\" \/>\n<meta property=\"og:type\" content=\"article\" \/>\n<meta property=\"og:title\" content=\"Sobre Nosotros | AutoDom\" \/>\n<meta property=\"og:description\" content=\"\u00bfQUIENES SOMOS? EQUIPO DE TRABAJO Deseamos suministrarle el mejor servicio AUTO DOM Auto&nbsp;Dom&nbsp;nace de la iniciativa del&nbsp;mec\u00e1nico&nbsp;automotriz&nbsp;Jurgen S\u00e1nchez Mej\u00eda, nuestro objetivo es brindarle una excelente&nbsp;atenci\u00f3n, y calidad de los servicios y suministros automotrices suministrados.&nbsp; Harold S\u00e1nchez T\u00e9cnico Especialista A lo largo de los a\u00f1os me he desempe\u00f1ado como mec\u00e1nico automotriz, soy una persona dedicada a &hellip; Sobre Nosotros Leer m\u00e1s &raquo;\" \/>\n<meta property=\"og:url\" content=\"https:\/\/mecanicoadomiciliomedellin.com\/index.php\/sobre-nosotros\/\" \/>\n<meta property=\"og:site_name\" content=\"AutoDom\" \/>\n<meta property=\"article:publisher\" content=\"https:\/\/www.facebook.com\/autodom2020\" \/>\n<meta property=\"article:modified_time\" content=\"2023-06-24T16:13:43+00:00\" \/>\n<meta property=\"og:image\" content=\"https:\/\/mecanicoadomiciliomedellin.com\/wp-content\/uploads\/2020\/12\/bioseguridad-taller-mecanico-770x400-1.jpg\" \/>\n<meta name=\"twitter:card\" content=\"summary_large_image\" \/>\n<script type=\"application\/ld+json\" class=\"yoast-schema-graph\">{\"@context\":\"https:\/\/schema.org\",\"@graph\":[{\"@type\":\"WebPage\",\"@id\":\"https:\/\/mecanicoadomiciliomedellin.com\/index.php\/sobre-nosotros\/\",\"url\":\"https:\/\/mecanicoadomiciliomedellin.com\/index.php\/sobre-nosotros\/\",\"name\":\"Sobre Nosotros | AutoDom\",\"isPartOf\":{\"@id\":\"https:\/\/mecanicoadomiciliomedellin.com\/#website\"},\"primaryImageOfPage\":{\"@id\":\"https:\/\/mecanicoadomiciliomedellin.com\/index.php\/sobre-nosotros\/#primaryimage\"},\"image\":{\"@id\":\"https:\/\/mecanicoadomiciliomedellin.com\/index.php\/sobre-nosotros\/#primaryimage\"},\"thumbnailUrl\":\"https:\/\/mecanicoadomiciliomedellin.com\/wp-content\/uploads\/2020\/12\/bioseguridad-taller-mecanico-770x400-1.jpg\",\"datePublished\":\"2017-08-16T10:53:18+00:00\",\"dateModified\":\"2023-06-24T16:13:43+00:00\",\"breadcrumb\":{\"@id\":\"https:\/\/mecanicoadomiciliomedellin.com\/index.php\/sobre-nosotros\/#breadcrumb\"},\"inLanguage\":\"es\",\"potentialAction\":[{\"@type\":\"ReadAction\",\"target\":[\"https:\/\/mecanicoadomiciliomedellin.com\/index.php\/sobre-nosotros\/\"]}]},{\"@type\":\"ImageObject\",\"inLanguage\":\"es\",\"@id\":\"https:\/\/mecanicoadomiciliomedellin.com\/index.php\/sobre-nosotros\/#primaryimage\",\"url\":\"https:\/\/mecanicoadomiciliomedellin.com\/wp-content\/uploads\/2020\/12\/bioseguridad-taller-mecanico-770x400-1.jpg\",\"contentUrl\":\"https:\/\/mecanicoadomiciliomedellin.com\/wp-content\/uploads\/2020\/12\/bioseguridad-taller-mecanico-770x400-1.jpg\",\"width\":770,\"height\":400},{\"@type\":\"BreadcrumbList\",\"@id\":\"https:\/\/mecanicoadomiciliomedellin.com\/index.php\/sobre-nosotros\/#breadcrumb\",\"itemListElement\":[{\"@type\":\"ListItem\",\"position\":1,\"name\":\"Portada\",\"item\":\"https:\/\/mecanicoadomiciliomedellin.com\/\"},{\"@type\":\"ListItem\",\"position\":2,\"name\":\"Sobre Nosotros\"}]},{\"@type\":\"WebSite\",\"@id\":\"https:\/\/mecanicoadomiciliomedellin.com\/#website\",\"url\":\"https:\/\/mecanicoadomiciliomedellin.com\/\",\"name\":\"AutoDom\",\"description\":\"Mecanica Automotriz\",\"publisher\":{\"@id\":\"https:\/\/mecanicoadomiciliomedellin.com\/#organization\"},\"potentialAction\":[{\"@type\":\"SearchAction\",\"target\":{\"@type\":\"EntryPoint\",\"urlTemplate\":\"https:\/\/mecanicoadomiciliomedellin.com\/?s={search_term_string}\"},\"query-input\":{\"@type\":\"PropertyValueSpecification\",\"valueRequired\":true,\"valueName\":\"search_term_string\"}}],\"inLanguage\":\"es\"},{\"@type\":\"Organization\",\"@id\":\"https:\/\/mecanicoadomiciliomedellin.com\/#organization\",\"name\":\"AutoDom\",\"url\":\"https:\/\/mecanicoadomiciliomedellin.com\/\",\"logo\":{\"@type\":\"ImageObject\",\"inLanguage\":\"es\",\"@id\":\"https:\/\/mecanicoadomiciliomedellin.com\/#\/schema\/logo\/image\/\",\"url\":\"https:\/\/mecanicoadomiciliomedellin.com\/wp-content\/uploads\/2020\/11\/favicon.png\",\"contentUrl\":\"https:\/\/mecanicoadomiciliomedellin.com\/wp-content\/uploads\/2020\/11\/favicon.png\",\"width\":128,\"height\":128,\"caption\":\"AutoDom\"},\"image\":{\"@id\":\"https:\/\/mecanicoadomiciliomedellin.com\/#\/schema\/logo\/image\/\"},\"sameAs\":[\"https:\/\/www.facebook.com\/autodom2020\",\"https:\/\/www.instagram.com\/autodommed\/\"]}]}<\/script>\n<!-- \/ Yoast SEO plugin. -->","yoast_head_json":{"title":"Sobre Nosotros | AutoDom","robots":{"index":"index","follow":"follow","max-snippet":"max-snippet:-1","max-image-preview":"max-image-preview:large","max-video-preview":"max-video-preview:-1"},"canonical":"https:\/\/mecanicoadomiciliomedellin.com\/index.php\/sobre-nosotros\/","og_locale":"es_ES","og_type":"article","og_title":"Sobre Nosotros | AutoDom","og_description":"\u00bfQUIENES SOMOS? EQUIPO DE TRABAJO Deseamos suministrarle el mejor servicio AUTO DOM Auto&nbsp;Dom&nbsp;nace de la iniciativa del&nbsp;mec\u00e1nico&nbsp;automotriz&nbsp;Jurgen S\u00e1nchez Mej\u00eda, nuestro objetivo es brindarle una excelente&nbsp;atenci\u00f3n, y calidad de los servicios y suministros automotrices suministrados.&nbsp; Harold S\u00e1nchez T\u00e9cnico Especialista A lo largo de los a\u00f1os me he desempe\u00f1ado como mec\u00e1nico automotriz, soy una persona dedicada a &hellip; Sobre Nosotros Leer m\u00e1s &raquo;","og_url":"https:\/\/mecanicoadomiciliomedellin.com\/index.php\/sobre-nosotros\/","og_site_name":"AutoDom","article_publisher":"https:\/\/www.facebook.com\/autodom2020","article_modified_time":"2023-06-24T16:13:43+00:00","og_image":[{"url":"https:\/\/mecanicoadomiciliomedellin.com\/wp-content\/uploads\/2020\/12\/bioseguridad-taller-mecanico-770x400-1.jpg"}],"twitter_card":"summary_large_image","schema":{"@context":"https:\/\/schema.org","@graph":[{"@type":"WebPage","@id":"https:\/\/mecanicoadomiciliomedellin.com\/index.php\/sobre-nosotros\/","url":"https:\/\/mecanicoadomiciliomedellin.com\/index.php\/sobre-nosotros\/","name":"Sobre Nosotros | AutoDom","isPartOf":{"@id":"https:\/\/mecanicoadomiciliomedellin.com\/#website"},"primaryImageOfPage":{"@id":"https:\/\/mecanicoadomiciliomedellin.com\/index.php\/sobre-nosotros\/#primaryimage"},"image":{"@id":"https:\/\/mecanicoadomiciliomedellin.com\/index.php\/sobre-nosotros\/#primaryimage"},"thumbnailUrl":"https:\/\/mecanicoadomiciliomedellin.com\/wp-content\/uploads\/2020\/12\/bioseguridad-taller-mecanico-770x400-1.jpg","datePublished":"2017-08-16T10:53:18+00:00","dateModified":"2023-06-24T16:13:43+00:00","breadcrumb":{"@id":"https:\/\/mecanicoadomiciliomedellin.com\/index.php\/sobre-nosotros\/#breadcrumb"},"inLanguage":"es","potentialAction":[{"@type":"ReadAction","target":["https:\/\/mecanicoadomiciliomedellin.com\/index.php\/sobre-nosotros\/"]}]},{"@type":"ImageObject","inLanguage":"es","@id":"https:\/\/mecanicoadomiciliomedellin.com\/index.php\/sobre-nosotros\/#primaryimage","url":"https:\/\/mecanicoadomiciliomedellin.com\/wp-content\/uploads\/2020\/12\/bioseguridad-taller-mecanico-770x400-1.jpg","contentUrl":"https:\/\/mecanicoadomiciliomedellin.com\/wp-content\/uploads\/2020\/12\/bioseguridad-taller-mecanico-770x400-1.jpg","width":770,"height":400},{"@type":"BreadcrumbList","@id":"https:\/\/mecanicoadomiciliomedellin.com\/index.php\/sobre-nosotros\/#breadcrumb","itemListElement":[{"@type":"ListItem","position":1,"name":"Portada","item":"https:\/\/mecanicoadomiciliomedellin.com\/"},{"@type":"ListItem","position":2,"name":"Sobre Nosotros"}]},{"@type":"WebSite","@id":"https:\/\/mecanicoadomiciliomedellin.com\/#website","url":"https:\/\/mecanicoadomiciliomedellin.com\/","name":"AutoDom","description":"Mecanica Automotriz","publisher":{"@id":"https:\/\/mecanicoadomiciliomedellin.com\/#organization"},"potentialAction":[{"@type":"SearchAction","target":{"@type":"EntryPoint","urlTemplate":"https:\/\/mecanicoadomiciliomedellin.com\/?s={search_term_string}"},"query-input":{"@type":"PropertyValueSpecification","valueRequired":true,"valueName":"search_term_string"}}],"inLanguage":"es"},{"@type":"Organization","@id":"https:\/\/mecanicoadomiciliomedellin.com\/#organization","name":"AutoDom","url":"https:\/\/mecanicoadomiciliomedellin.com\/","logo":{"@type":"ImageObject","inLanguage":"es","@id":"https:\/\/mecanicoadomiciliomedellin.com\/#\/schema\/logo\/image\/","url":"https:\/\/mecanicoadomiciliomedellin.com\/wp-content\/uploads\/2020\/11\/favicon.png","contentUrl":"https:\/\/mecanicoadomiciliomedellin.com\/wp-content\/uploads\/2020\/11\/favicon.png","width":128,"height":128,"caption":"AutoDom"},"image":{"@id":"https:\/\/mecanicoadomiciliomedellin.com\/#\/schema\/logo\/image\/"},"sameAs":["https:\/\/www.facebook.com\/autodom2020","https:\/\/www.instagram.com\/autodommed\/"]}]}},"_links":{"self":[{"href":"https:\/\/mecanicoadomiciliomedellin.com\/index.php\/wp-json\/wp\/v2\/pages\/230"}],"collection":[{"href":"https:\/\/mecanicoadomiciliomedellin.com\/index.php\/wp-json\/wp\/v2\/pages"}],"about":[{"href":"https:\/\/mecanicoadomiciliomedellin.com\/index.php\/wp-json\/wp\/v2\/types\/page"}],"author":[{"embeddable":true,"href":"https:\/\/mecanicoadomiciliomedellin.com\/index.php\/wp-json\/wp\/v2\/users\/1"}],"replies":[{"embeddable":true,"href":"https:\/\/mecanicoadomiciliomedellin.com\/index.php\/wp-json\/wp\/v2\/comments?post=230"}],"version-history":[{"count":80,"href":"https:\/\/mecanicoadomiciliomedellin.com\/index.php\/wp-json\/wp\/v2\/pages\/230\/revisions"}],"predecessor-version":[{"id":2685,"href":"https:\/\/mecanicoadomiciliomedellin.com\/index.php\/wp-json\/wp\/v2\/pages\/230\/revisions\/2685"}],"wp:attachment":[{"href":"https:\/\/mecanicoadomiciliomedellin.com\/index.php\/wp-json\/wp\/v2\/media?parent=230"}],"curies":[{"name":"wp","href":"https:\/\/api.w.org\/{rel}","templated":true}]}}